{"id":14631,"date":"2024-09-25T12:30:36","date_gmt":"2024-09-25T10:30:36","guid":{"rendered":"https:\/\/anpej.sn\/acceuil\/?page_id=14631"},"modified":"2024-11-26T11:05:53","modified_gmt":"2024-11-26T10:05:53","slug":"antenne-diourbel","status":"publish","type":"page","link":"https:\/\/anpej.sn\/accueil\/antenne-diourbel\/","title":{"rendered":"Antenne Diourbel"},"content":{"rendered":"\t\t<div data-elementor-type=\"wp-page\" data-elementor-id=\"14631\" class=\"elementor elementor-14631\">\n\t\t\t\t<div class=\"elementor-element elementor-element-cb5fa7f e-flex e-con-boxed e-con e-parent\" data-id=\"cb5fa7f\" data-element_type=\"container\">\n\t\t\t\t\t<div class=\"e-con-inner\">\n\t\t\t\t<div class=\"elementor-element elementor-element-52196d6 elementor-widget elementor-widget-image\" data-id=\"52196d6\" data-element_type=\"widget\" data-widget_type=\"image.default\">\n\t\t\t\t<div class=\"elementor-widget-container\">\n\t\t\t\t\t\t\t\t\t\t\t\t\t\t\t<img fetchpriority=\"high\" decoding=\"async\" width=\"900\" height=\"900\" src=\"https:\/\/anpej.sn\/accueil\/wp-content\/uploads\/2024\/11\/diourbel.png\" class=\"attachment-large size-large wp-image-16021\" alt=\"\" srcset=\"https:\/\/anpej.sn\/accueil\/wp-content\/uploads\/2024\/11\/diourbel.png 1024w, https:\/\/anpej.sn\/accueil\/wp-content\/uploads\/2024\/11\/diourbel-175x175.png 175w, https:\/\/anpej.sn\/accueil\/wp-content\/uploads\/2024\/11\/diourbel-768x768.png 768w, https:\/\/anpej.sn\/accueil\/wp-content\/uploads\/2024\/11\/diourbel-300x300.png 300w, https:\/\/anpej.sn\/accueil\/wp-content\/uploads\/2024\/11\/diourbel-600x600.png 600w, https:\/\/anpej.sn\/accueil\/wp-content\/uploads\/2024\/11\/diourbel-180x180.png 180w\" sizes=\"(max-width: 900px) 100vw, 900px\" \/>\t\t\t\t\t\t\t\t\t\t\t\t\t\t\t<\/div>\n\t\t\t\t<\/div>\n\t\t\t\t\t<\/div>\n\t\t\t\t<\/div>\n\t\t<div class=\"elementor-element elementor-element-f069d30 e-flex e-con-boxed e-con e-parent\" data-id=\"f069d30\" data-element_type=\"container\">\n\t\t\t\t\t<div class=\"e-con-inner\">\n\t\t\t\t<div class=\"elementor-element elementor-element-d2c7d9e elementor-widget elementor-widget-n-accordion\" data-id=\"d2c7d9e\" data-element_type=\"widget\" data-settings=\"{&quot;default_state&quot;:&quot;expanded&quot;,&quot;max_items_expended&quot;:&quot;one&quot;,&quot;n_accordion_animation_duration&quot;:{&quot;unit&quot;:&quot;ms&quot;,&quot;size&quot;:400,&quot;sizes&quot;:[]}}\" data-widget_type=\"nested-accordion.default\">\n\t\t\t\t<div class=\"elementor-widget-container\">\n\t\t\t\t\t\t\t<div class=\"e-n-accordion\" aria-label=\"Accordion. Open links with Enter or Space, close with Escape, and navigate with Arrow Keys\">\n\t\t\t\t\t\t<details id=\"e-n-accordion-item-2210\" class=\"e-n-accordion-item\" open>\n\t\t\t\t<summary class=\"e-n-accordion-item-title\" data-accordion-index=\"1\" tabindex=\"0\" aria-expanded=\"true\" aria-controls=\"e-n-accordion-item-2210\" >\n\t\t\t\t\t<span class='e-n-accordion-item-title-header'><h4 class=\"e-n-accordion-item-title-text\"> Contacts du personnel <\/h4><\/span>\n\t\t\t\t\t\t\t<span class='e-n-accordion-item-title-icon'>\n\t\t\t<span class='e-opened' ><i aria-hidden=\"true\" class=\"fas fa-minus\"><\/i><\/span>\n\t\t\t<span class='e-closed'><i aria-hidden=\"true\" class=\"fas fa-plus-circle\"><\/i><\/span>\n\t\t<\/span>\n\n\t\t\t\t\t\t<\/summary>\n\t\t\t\t<div role=\"region\" aria-labelledby=\"e-n-accordion-item-2210\" class=\"elementor-element elementor-element-8726913 e-con-full e-flex e-con e-child\" data-id=\"8726913\" data-element_type=\"container\">\n\t\t\t\t<div class=\"elementor-element elementor-element-772acf4 elementor-widget elementor-widget-shortcode\" data-id=\"772acf4\" data-element_type=\"widget\" data-widget_type=\"shortcode.default\">\n\t\t\t\t<div class=\"elementor-widget-container\">\n\t\t\t\t\t\t\t<div class=\"elementor-shortcode\">\n<table id=\"tablepress-9\" class=\"tablepress tablepress-id-9\">\n<thead>\n<tr class=\"row-1\">\n\t<th class=\"column-1\">Bureau<\/th><th class=\"column-2\">Pr\u00e9nom &amp; Nom<\/th><th class=\"column-3\">Email<\/th><th class=\"column-4\">T\u00e9l\u00e9phone<\/th>\n<\/tr>\n<\/thead>\n<tbody class=\"row-striping row-hover\">\n<tr class=\"row-2\">\n\t<td class=\"column-1\">Diourbel<br \/>\n<\/td><td class=\"column-2\">Adiara Kaba DIAKHATE ( Chef Antenne)<br \/>\n<\/td><td class=\"column-3\">adiarakaba.diakhate@anpej.sn<br \/>\n<\/td><td class=\"column-4\">77 489 43 81<br \/>\n<\/td>\n<\/tr>\n<tr class=\"row-3\">\n\t<td class=\"column-1\">Bureau de Diourbel<\/td><td class=\"column-2\">Ndiaba DRAME<br \/>\nModou NDAO<\/td><td class=\"column-3\">ndiabadrame12@gmail.com<br \/>\nndaorassoul.anpej@gmail.com<br \/>\n<\/td><td class=\"column-4\">770797517<br \/>\n782203613<\/td>\n<\/tr>\n<tr class=\"row-4\">\n\t<td class=\"column-1\">Bureau :<br \/>\nFatick (EEJ)<\/td><td class=\"column-2\">Fatou SENE<br \/>\nMamadou DIOUF<\/td><td class=\"column-3\">senefatoufl@gmail.com<br \/>\nmamadou.diouf@anpej.sn<\/td><td class=\"column-4\">78 228 90 26<br \/>\n78 181 89 38<\/td>\n<\/tr>\n<tr class=\"row-5\">\n\t<td class=\"column-1\">Fatick (PEE\/FJ)\t<\/td><td class=\"column-2\">Diouma FAYE<\/td><td class=\"column-3\">dioumafaye06@gmail.com\t<\/td><td class=\"column-4\">78 227 14 14<br \/>\n<\/td>\n<\/tr>\n<tr class=\"row-6\">\n\t<td class=\"column-1\">Gossas (EEJ)\t<\/td><td class=\"column-2\">Boure SARR<br \/>\nDjily DIOP<\/td><td class=\"column-3\">bouresarr80@gmail.com<br \/>\ndiopdjily76@gmail.com<\/td><td class=\"column-4\">77 214 24 46<br \/>\n77 083 95 35<\/td>\n<\/tr>\n<tr class=\"row-7\">\n\t<td class=\"column-1\">Gossas (PEEJF)\t<\/td><td class=\"column-2\">Cheikh Thomas DIOUF<\/td><td class=\"column-3\">thomascheikh88@gmail.com<\/td><td class=\"column-4\">77 709 69 76<\/td>\n<\/tr>\n<tr class=\"row-8\">\n\t<td class=\"column-1\">Foundiougne (EEJ)\t<\/td><td class=\"column-2\">Mbaye Sy NDAO<br \/>\n<\/td><td class=\"column-3\">mbayesyndao2@gmail.com<br \/>\n<\/td><td class=\"column-4\">78 220 36 13<br \/>\n<\/td>\n<\/tr>\n<tr class=\"row-9\">\n\t<td class=\"column-1\">Foundiougne (PEEJF)\t<\/td><td class=\"column-2\">Andr\u00e9 Simon NDIAYE<\/td><td class=\"column-3\">ndiayeandresimon@gmail.com<\/td><td class=\"column-4\">77 472 09 06<\/td>\n<\/tr>\n<tr class=\"row-10\">\n\t<td class=\"column-1\">Bambey (PEE\/FJ)\t<\/td><td class=\"column-2\">Aliou SARR<\/td><td class=\"column-3\">sarraliou76489@gmail.com<\/td><td class=\"column-4\">77 177 25 26<\/td>\n<\/tr>\n<tr class=\"row-11\">\n\t<td class=\"column-1\">Mback\u00e9\/Touba (EEJ)\t<\/td><td class=\"column-2\">Abdourahmane NDAO<br \/>\nAbdou CISSE<\/td><td class=\"column-3\">abdourahmanendao1991@gmail.com<br \/>\ncisseabdou019@gmail.com<\/td><td class=\"column-4\">78 244 66 64<br \/>\n78 128 82 00<\/td>\n<\/tr>\n<tr class=\"row-12\">\n\t<td class=\"column-1\">Mback\u00e9 (PEE\/JF)\t<\/td><td class=\"column-2\">Anta BEYE<\/td><td class=\"column-3\">maantabeye797@gmail.com<\/td><td class=\"column-4\">78 470 74 49<\/td>\n<\/tr>\n<tr class=\"row-13\">\n\t<td class=\"column-1\"><\/td><td class=\"column-2\"><\/td><td class=\"column-3\"><\/td><td class=\"column-4\"><\/td>\n<\/tr>\n<\/tbody>\n<\/table>\n<!-- #tablepress-9 from cache --><\/div>\n\t\t\t\t\t\t<\/div>\n\t\t\t\t<\/div>\n\t\t\t\t<\/div>\n\t\t\t\t\t<\/details>\n\t\t\t\t\t\t<details id=\"e-n-accordion-item-2211\" class=\"e-n-accordion-item\" >\n\t\t\t\t<summary class=\"e-n-accordion-item-title\" data-accordion-index=\"2\" tabindex=\"-1\" aria-expanded=\"false\" aria-controls=\"e-n-accordion-item-2211\" >\n\t\t\t\t\t<span class='e-n-accordion-item-title-header'><h4 class=\"e-n-accordion-item-title-text\"> Actualit\u00e9s R\u00e9gionales <\/h4><\/span>\n\t\t\t\t\t\t\t<span class='e-n-accordion-item-title-icon'>\n\t\t\t<span class='e-opened' ><i aria-hidden=\"true\" class=\"fas fa-minus\"><\/i><\/span>\n\t\t\t<span class='e-closed'><i aria-hidden=\"true\" class=\"fas fa-plus-circle\"><\/i><\/span>\n\t\t<\/span>\n\n\t\t\t\t\t\t<\/summary>\n\t\t\t\t<div role=\"region\" aria-labelledby=\"e-n-accordion-item-2211\" class=\"elementor-element elementor-element-ca621f9 e-con-full e-flex e-con e-child\" data-id=\"ca621f9\" data-element_type=\"container\">\n\t\t\t\t<\/div>\n\t\t\t\t\t<\/details>\n\t\t\t\t\t\t<details id=\"e-n-accordion-item-2212\" class=\"e-n-accordion-item\" >\n\t\t\t\t<summary class=\"e-n-accordion-item-title\" data-accordion-index=\"3\" tabindex=\"-1\" aria-expanded=\"false\" aria-controls=\"e-n-accordion-item-2212\" >\n\t\t\t\t\t<span class='e-n-accordion-item-title-header'><h4 class=\"e-n-accordion-item-title-text\"> Activit\u00e9s R\u00e9gionales <\/h4><\/span>\n\t\t\t\t\t\t\t<span class='e-n-accordion-item-title-icon'>\n\t\t\t<span class='e-opened' ><i aria-hidden=\"true\" class=\"fas fa-minus\"><\/i><\/span>\n\t\t\t<span class='e-closed'><i aria-hidden=\"true\" class=\"fas fa-plus-circle\"><\/i><\/span>\n\t\t<\/span>\n\n\t\t\t\t\t\t<\/summary>\n\t\t\t\t<div role=\"region\" aria-labelledby=\"e-n-accordion-item-2212\" class=\"elementor-element elementor-element-9cb3c3a e-con-full e-flex e-con e-child\" data-id=\"9cb3c3a\" data-element_type=\"container\">\n\t\t\t\t<div class=\"elementor-element elementor-element-f2a0557 elementor-widget elementor-widget-shortcode\" data-id=\"f2a0557\" data-element_type=\"widget\" data-widget_type=\"shortcode.default\">\n\t\t\t\t<div class=\"elementor-widget-container\">\n\t\t\t\t\t\t\t<div class=\"elementor-shortcode\">\n<table id=\"tablepress-10\" class=\"tablepress tablepress-id-10\">\n<thead>\n<tr class=\"row-1\">\n\t<th class=\"column-1\">Date de l'activit\u00e9<\/th><th class=\"column-2\">Description de l'activit\u00e9<\/th><th class=\"column-3\">Lieu de l'activit\u00e9<\/th>\n<\/tr>\n<\/thead>\n<tbody class=\"row-striping row-hover\">\n<tr class=\"row-2\">\n\t<td class=\"column-1\"><\/td><td class=\"column-2\"><\/td><td class=\"column-3\"><\/td>\n<\/tr>\n<tr class=\"row-3\">\n\t<td class=\"column-1\"><\/td><td class=\"column-2\"><\/td><td class=\"column-3\"><\/td>\n<\/tr>\n<tr class=\"row-4\">\n\t<td class=\"column-1\"><\/td><td class=\"column-2\"><\/td><td class=\"column-3\"><\/td>\n<\/tr>\n<\/tbody>\n<\/table>\n<!-- #tablepress-10 from cache --><\/div>\n\t\t\t\t\t\t<\/div>\n\t\t\t\t<\/div>\n\t\t\t\t<\/div>\n\t\t\t\t\t<\/details>\n\t\t\t\t\t\t<details id=\"e-n-accordion-item-2213\" class=\"e-n-accordion-item\" >\n\t\t\t\t<summary class=\"e-n-accordion-item-title\" data-accordion-index=\"4\" tabindex=\"-1\" aria-expanded=\"false\" aria-controls=\"e-n-accordion-item-2213\" >\n\t\t\t\t\t<span class='e-n-accordion-item-title-header'><h4 class=\"e-n-accordion-item-title-text\"> Opportunit\u00e9s R\u00e9gionales <\/h4><\/span>\n\t\t\t\t\t\t\t<span class='e-n-accordion-item-title-icon'>\n\t\t\t<span class='e-opened' ><i aria-hidden=\"true\" class=\"fas fa-minus\"><\/i><\/span>\n\t\t\t<span class='e-closed'><i aria-hidden=\"true\" class=\"fas fa-plus-circle\"><\/i><\/span>\n\t\t<\/span>\n\n\t\t\t\t\t\t<\/summary>\n\t\t\t\t<div role=\"region\" aria-labelledby=\"e-n-accordion-item-2213\" class=\"elementor-element elementor-element-ea073f8 e-flex e-con-boxed e-con e-child\" data-id=\"ea073f8\" data-element_type=\"container\">\n\t\t\t\t\t<div class=\"e-con-inner\">\n\t\t\t\t<div class=\"elementor-element elementor-element-bbc7957 elementor-widget elementor-widget-shortcode\" data-id=\"bbc7957\" data-element_type=\"widget\" data-widget_type=\"shortcode.default\">\n\t\t\t\t<div class=\"elementor-widget-container\">\n\t\t\t\t\t\t\t<div class=\"elementor-shortcode\">\n<table id=\"tablepress-11\" class=\"tablepress tablepress-id-11\">\n<thead>\n<tr class=\"row-1\">\n\t<th class=\"column-1\">Secteur<\/th><th class=\"column-2\">Opportunit\u00e9s<\/th>\n<\/tr>\n<\/thead>\n<tbody class=\"row-striping row-hover\">\n<tr class=\"row-2\">\n\t<td class=\"column-1\"><\/td><td class=\"column-2\"><\/td>\n<\/tr>\n<tr class=\"row-3\">\n\t<td class=\"column-1\"><\/td><td class=\"column-2\"><\/td>\n<\/tr>\n<\/tbody>\n<\/table>\n<!-- #tablepress-11 from cache --><\/div>\n\t\t\t\t\t\t<\/div>\n\t\t\t\t<\/div>\n\t\t\t\t\t<\/div>\n\t\t\t\t<\/div>\n\t\t\t\t\t<\/details>\n\t\t\t\t\t\t<details id=\"e-n-accordion-item-2214\" class=\"e-n-accordion-item\" >\n\t\t\t\t<summary class=\"e-n-accordion-item-title\" data-accordion-index=\"5\" tabindex=\"-1\" aria-expanded=\"false\" aria-controls=\"e-n-accordion-item-2214\" >\n\t\t\t\t\t<span class='e-n-accordion-item-title-header'><h4 class=\"e-n-accordion-item-title-text\"> Partenaires Locaux <\/h4><\/span>\n\t\t\t\t\t\t\t<span class='e-n-accordion-item-title-icon'>\n\t\t\t<span class='e-opened' ><i aria-hidden=\"true\" class=\"fas fa-minus\"><\/i><\/span>\n\t\t\t<span class='e-closed'><i aria-hidden=\"true\" class=\"fas fa-plus-circle\"><\/i><\/span>\n\t\t<\/span>\n\n\t\t\t\t\t\t<\/summary>\n\t\t\t\t<div role=\"region\" aria-labelledby=\"e-n-accordion-item-2214\" class=\"elementor-element elementor-element-9a2c421 e-flex e-con-boxed e-con e-child\" data-id=\"9a2c421\" data-element_type=\"container\">\n\t\t\t\t\t<div class=\"e-con-inner\">\n\t\t\t\t<div class=\"elementor-element elementor-element-6048254 elementor-widget elementor-widget-shortcode\" data-id=\"6048254\" data-element_type=\"widget\" data-widget_type=\"shortcode.default\">\n\t\t\t\t<div class=\"elementor-widget-container\">\n\t\t\t\t\t\t\t<div class=\"elementor-shortcode\">\n<table id=\"tablepress-12\" class=\"tablepress tablepress-id-12\">\n<thead>\n<tr class=\"row-1\">\n\t<th class=\"column-1\">Secteur <\/th><th class=\"column-2\">Partenaires<\/th>\n<\/tr>\n<\/thead>\n<tbody class=\"row-striping row-hover\">\n<tr class=\"row-2\">\n\t<td class=\"column-1\"><\/td><td class=\"column-2\"><\/td>\n<\/tr>\n<\/tbody>\n<\/table>\n<!-- #tablepress-12 from cache --><\/div>\n\t\t\t\t\t\t<\/div>\n\t\t\t\t<\/div>\n\t\t\t\t\t<\/div>\n\t\t\t\t<\/div>\n\t\t\t\t\t<\/details>\n\t\t\t\t\t<\/div>\n\t\t\t\t\t\t<\/div>\n\t\t\t\t<\/div>\n\t\t\t\t\t<\/div>\n\t\t\t\t<\/div>\n\t\t\t\t<\/div>\n\t\t","protected":false},"excerpt":{"rendered":"<p>Contacts du personnel Modifier Bureau Pr\u00e9nom &amp; Nom Email T\u00e9l\u00e9phone Diourbel Diourbel (PEEJF) Diourbel (AR) Harouna Demba SECK ( Chef Antenne) Papa El-Hadji Babacar DIOUF Waly FAYE harouna.seck@anpej.sn babacaranpej@gmail.com walyintello@gmail.com [&hellip;]<\/p>\n","protected":false},"author":1,"featured_media":0,"parent":0,"menu_order":0,"comment_status":"closed","ping_status":"closed","template":"","meta":{"footnotes":""},"class_list":["post-14631","page","type-page","status-publish","hentry"],"rttpg_featured_image_url":null,"rttpg_author":{"display_name":"admin","author_link":"https:\/\/anpej.sn\/accueil\/author\/admin\/"},"rttpg_comment":0,"rttpg_category":null,"rttpg_excerpt":"Contacts du personnel Modifier Bureau Pr\u00e9nom &amp; Nom Email T\u00e9l\u00e9phone Diourbel Diourbel (PEEJF) Diourbel (AR) Harouna Demba SECK ( Chef Antenne) Papa El-Hadji Babacar DIOUF Waly FAYE harouna.seck@anpej.sn babacaranpej@gmail.com walyintello@gmail.com [&hellip;]","_links":{"self":[{"href":"https:\/\/anpej.sn\/accueil\/wp-json\/wp\/v2\/pages\/14631","targetHints":{"allow":["GET"]}}],"collection":[{"href":"https:\/\/anpej.sn\/accueil\/wp-json\/wp\/v2\/pages"}],"about":[{"href":"https:\/\/anpej.sn\/accueil\/wp-json\/wp\/v2\/types\/page"}],"author":[{"embeddable":true,"href":"https:\/\/anpej.sn\/accueil\/wp-json\/wp\/v2\/users\/1"}],"replies":[{"embeddable":true,"href":"https:\/\/anpej.sn\/accueil\/wp-json\/wp\/v2\/comments?post=14631"}],"version-history":[{"count":37,"href":"https:\/\/anpej.sn\/accueil\/wp-json\/wp\/v2\/pages\/14631\/revisions"}],"predecessor-version":[{"id":16119,"href":"https:\/\/anpej.sn\/accueil\/wp-json\/wp\/v2\/pages\/14631\/revisions\/16119"}],"wp:attachment":[{"href":"https:\/\/anpej.sn\/accueil\/wp-json\/wp\/v2\/media?parent=14631"}],"curies":[{"name":"wp","href":"https:\/\/api.w.org\/{rel}","templated":true}]}}