{"id":14651,"date":"2024-09-25T13:15:19","date_gmt":"2024-09-25T11:15:19","guid":{"rendered":"https:\/\/anpej.sn\/acceuil\/?page_id=14651"},"modified":"2024-11-26T11:01:22","modified_gmt":"2024-11-26T10:01:22","slug":"antenne-kaolack","status":"publish","type":"page","link":"https:\/\/anpej.sn\/accueil\/antenne-kaolack\/","title":{"rendered":"Antenne Kaolack"},"content":{"rendered":"\t\t<div data-elementor-type=\"wp-page\" data-elementor-id=\"14651\" class=\"elementor elementor-14651\">\n\t\t\t\t<div class=\"elementor-element elementor-element-b3caa9c e-flex e-con-boxed e-con e-parent\" data-id=\"b3caa9c\" data-element_type=\"container\">\n\t\t\t\t\t<div class=\"e-con-inner\">\n\t\t\t\t<div class=\"elementor-element elementor-element-a43abae elementor-widget elementor-widget-image\" data-id=\"a43abae\" data-element_type=\"widget\" data-widget_type=\"image.default\">\n\t\t\t\t<div class=\"elementor-widget-container\">\n\t\t\t\t\t\t\t\t\t\t\t\t\t\t\t<img fetchpriority=\"high\" decoding=\"async\" width=\"300\" height=\"300\" src=\"https:\/\/anpej.sn\/accueil\/wp-content\/uploads\/2024\/11\/Kaolack-300x300-1-1.png\" class=\"attachment-large size-large wp-image-16022\" alt=\"\" srcset=\"https:\/\/anpej.sn\/accueil\/wp-content\/uploads\/2024\/11\/Kaolack-300x300-1-1.png 300w, https:\/\/anpej.sn\/accueil\/wp-content\/uploads\/2024\/11\/Kaolack-300x300-1-1-175x175.png 175w, https:\/\/anpej.sn\/accueil\/wp-content\/uploads\/2024\/11\/Kaolack-300x300-1-1-180x180.png 180w\" sizes=\"(max-width: 300px) 100vw, 300px\" \/>\t\t\t\t\t\t\t\t\t\t\t\t\t\t\t<\/div>\n\t\t\t\t<\/div>\n\t\t\t\t\t<\/div>\n\t\t\t\t<\/div>\n\t\t<div class=\"elementor-element elementor-element-8b26590 e-flex e-con-boxed e-con e-parent\" data-id=\"8b26590\" data-element_type=\"container\" data-settings=\"{&quot;background_background&quot;:&quot;classic&quot;}\">\n\t\t\t\t\t<div class=\"e-con-inner\">\n\t\t\t\t<div class=\"elementor-element elementor-element-e7406f6 elementor-widget elementor-widget-n-accordion\" data-id=\"e7406f6\" data-element_type=\"widget\" data-settings=\"{&quot;default_state&quot;:&quot;expanded&quot;,&quot;max_items_expended&quot;:&quot;one&quot;,&quot;n_accordion_animation_duration&quot;:{&quot;unit&quot;:&quot;ms&quot;,&quot;size&quot;:400,&quot;sizes&quot;:[]}}\" data-widget_type=\"nested-accordion.default\">\n\t\t\t\t<div class=\"elementor-widget-container\">\n\t\t\t\t\t\t\t<div class=\"e-n-accordion\" aria-label=\"Accordion. Open links with Enter or Space, close with Escape, and navigate with Arrow Keys\">\n\t\t\t\t\t\t<details id=\"e-n-accordion-item-2420\" class=\"e-n-accordion-item\" open>\n\t\t\t\t<summary class=\"e-n-accordion-item-title\" data-accordion-index=\"1\" tabindex=\"0\" aria-expanded=\"true\" aria-controls=\"e-n-accordion-item-2420\" >\n\t\t\t\t\t<span class='e-n-accordion-item-title-header'><h4 class=\"e-n-accordion-item-title-text\"> Contacts du Personnel <\/h4><\/span>\n\t\t\t\t\t\t\t<span class='e-n-accordion-item-title-icon'>\n\t\t\t<span class='e-opened' ><i aria-hidden=\"true\" class=\"fas fa-minus\"><\/i><\/span>\n\t\t\t<span class='e-closed'><i aria-hidden=\"true\" class=\"fas fa-plus-circle\"><\/i><\/span>\n\t\t<\/span>\n\n\t\t\t\t\t\t<\/summary>\n\t\t\t\t<div role=\"region\" aria-labelledby=\"e-n-accordion-item-2420\" class=\"elementor-element elementor-element-ed54747 e-con-full e-flex e-con e-child\" data-id=\"ed54747\" data-element_type=\"container\">\n\t\t\t\t<div class=\"elementor-element elementor-element-fca03c3 elementor-widget elementor-widget-shortcode\" data-id=\"fca03c3\" data-element_type=\"widget\" data-widget_type=\"shortcode.default\">\n\t\t\t\t<div class=\"elementor-widget-container\">\n\t\t\t\t\t\t\t<div class=\"elementor-shortcode\">\n<table id=\"tablepress-14\" class=\"tablepress tablepress-id-14\">\n<thead>\n<tr class=\"row-1\">\n\t<th class=\"column-1\">Bureau<\/th><th class=\"column-2\">Pr\u00e9nom &amp; Nom<\/th><th class=\"column-3\">Email<\/th><th class=\"column-4\">T\u00e9l\u00e9phone<\/th>\n<\/tr>\n<\/thead>\n<tbody class=\"row-striping row-hover\">\n<tr class=\"row-2\">\n\t<td class=\"column-1\">Kaolack (Si\u00e9ge Antenne)<\/td><td class=\"column-2\">SIRE BA ( Chef Antenne)<br \/>\nMame Nini NGOM<br \/>\nYand\u00e9 DIOUF<br \/>\nLatsouck Mamadou SAMB<br \/>\nLassana DIOP<br \/>\nPape Mor DIOUF<\/td><td class=\"column-3\">sire.ba@anpej.sn<br \/>\nniningom5@gmail.com<br \/>\ndioufyande07@gmail.com<br \/>\npapesamb91@gmail.com<br \/>\nlassana.diop@anpej.sn<br \/>\ndioufpapamor@hotmail.fr<\/td><td class=\"column-4\">78 181 97 71<br \/>\n77 705 65 63<br \/>\n78 401 61 55<br \/>\n77 114 41 12<br \/>\n77 093 25 06<br \/>\n77\u00a0421 64 52<\/td>\n<\/tr>\n<tr class=\"row-3\">\n\t<td class=\"column-1\">Kaolack (PEEJF)\t<\/td><td class=\"column-2\">Ndeye Betty NDOUR<\/td><td class=\"column-3\">ndeyebeti06@gmail.com\t<\/td><td class=\"column-4\">77 710 21 76<\/td>\n<\/tr>\n<tr class=\"row-4\">\n\t<td class=\"column-1\">Nioro (EEJ)<br \/>\nNioro (PEEJF)<\/td><td class=\"column-2\">Oumar DIA<br \/>\nNdeye Youma LY<\/td><td class=\"column-3\">diaomzo@gmail.com<br \/>\nndeyeyouma93@gmail.com<br \/>\n<\/td><td class=\"column-4\">77 431 04 25<br \/>\n77 252 47 69<\/td>\n<\/tr>\n<tr class=\"row-5\">\n\t<td class=\"column-1\">Guinguineo (EEJ)<br \/>\nGuinguineo (PEEJF)<\/td><td class=\"column-2\">Assane NDOUR<br \/>\nCheikh Tidiane BA<\/td><td class=\"column-3\">ndourmbadakhoune@gmail.com<br \/>\ncheikhtidianeba766@gmail.com<br \/>\n<\/td><td class=\"column-4\">77 925 69 07<br \/>\n77 157 02 80<br \/>\n<\/td>\n<\/tr>\n<tr class=\"row-6\">\n\t<td class=\"column-1\">Kaffrine (PEEJF)<\/td><td class=\"column-2\">Oumy DIOUF<\/td><td class=\"column-3\">oumidioufi@gmail.com<\/td><td class=\"column-4\">77 292 69 07<\/td>\n<\/tr>\n<tr class=\"row-7\">\n\t<td class=\"column-1\">Kaffrine (EEJ)<\/td><td class=\"column-2\">DJIBY\tNDIAYE<br \/>\nMODOU\tWILLANE<br \/>\nIBRAHIMA\tNDONG<br \/>\nCheikhou Oumar KANE<br \/>\nMame Toute CISSE<br \/>\n<\/td><td class=\"column-3\">djibyndiayen682848@gmail.com<br \/>\nModouwln77@gmail.com<br \/>\nndongibrahima201888@gmail.com<br \/>\ncheikhoumar.kane@anpej.sn<br \/>\nMametouti1@hotmail.fr<br \/>\n<br \/>\n<\/td><td class=\"column-4\">77\u00a0657 42 45<br \/>\n77\u00a0916 58 23<br \/>\n78\u00a0820 00 35<br \/>\n77 162 34 03<br \/>\n 77 883 15 54<br \/>\n<\/td>\n<\/tr>\n<tr class=\"row-8\">\n\t<td class=\"column-1\">Birkilane (PEEJF)<br \/>\nBirkilane (EEJ)<\/td><td class=\"column-2\">Ndiap THIAM<br \/>\nMamadou SY<\/td><td class=\"column-3\">ndiapthiam@gmail.com<br \/>\nsymamadou034@gmail.com<br \/>\n<\/td><td class=\"column-4\">77 116 18 47<br \/>\n78 546 22 98<\/td>\n<\/tr>\n<tr class=\"row-9\">\n\t<td class=\"column-1\">Malen Hodar (EEJ)<br \/>\nMalen Hodar (PEE\/FJ)<\/td><td class=\"column-2\">Amadou TINE<br \/>\nABDOU NDONGO\tMANGANE<br \/>\n<\/td><td class=\"column-3\">abou_tine@yahoo.com<br \/>\nabdoundongomangane@gmail.com<br \/>\n<\/td><td class=\"column-4\">77 167 84 76<br \/>\n77 687 70 57<\/td>\n<\/tr>\n<tr class=\"row-10\">\n\t<td class=\"column-1\">Koungheul (PEEJF)<br \/>\nKoungheul (EEJ)<\/td><td class=\"column-2\">Ndeye Fatou NGOM<br \/>\nMoustapha NDIOR<\/td><td class=\"column-3\">ndeyefatoungom01@gmail.com<br \/>\ntaphadjamil@gmail.com<\/td><td class=\"column-4\">77 602 62 78<br \/>\n77 760 53 26<\/td>\n<\/tr>\n<\/tbody>\n<\/table>\n<!-- #tablepress-14 from cache --><\/div>\n\t\t\t\t\t\t<\/div>\n\t\t\t\t<\/div>\n\t\t\t\t<\/div>\n\t\t\t\t\t<\/details>\n\t\t\t\t\t\t<details id=\"e-n-accordion-item-2421\" class=\"e-n-accordion-item\" >\n\t\t\t\t<summary class=\"e-n-accordion-item-title\" data-accordion-index=\"2\" tabindex=\"-1\" aria-expanded=\"false\" aria-controls=\"e-n-accordion-item-2421\" >\n\t\t\t\t\t<span class='e-n-accordion-item-title-header'><h4 class=\"e-n-accordion-item-title-text\"> Actualit\u00e9s R\u00e9gionales  <\/h4><\/span>\n\t\t\t\t\t\t\t<span class='e-n-accordion-item-title-icon'>\n\t\t\t<span class='e-opened' ><i aria-hidden=\"true\" class=\"fas fa-minus\"><\/i><\/span>\n\t\t\t<span class='e-closed'><i aria-hidden=\"true\" class=\"fas fa-plus-circle\"><\/i><\/span>\n\t\t<\/span>\n\n\t\t\t\t\t\t<\/summary>\n\t\t\t\t<div role=\"region\" aria-labelledby=\"e-n-accordion-item-2421\" class=\"elementor-element elementor-element-32afe61 e-con-full e-flex e-con e-child\" data-id=\"32afe61\" data-element_type=\"container\">\n\t\t\t\t<\/div>\n\t\t\t\t\t<\/details>\n\t\t\t\t\t\t<details id=\"e-n-accordion-item-2422\" class=\"e-n-accordion-item\" >\n\t\t\t\t<summary class=\"e-n-accordion-item-title\" data-accordion-index=\"3\" tabindex=\"-1\" aria-expanded=\"false\" aria-controls=\"e-n-accordion-item-2422\" >\n\t\t\t\t\t<span class='e-n-accordion-item-title-header'><h4 class=\"e-n-accordion-item-title-text\"> Activit\u00e9s R\u00e9gionales <\/h4><\/span>\n\t\t\t\t\t\t\t<span class='e-n-accordion-item-title-icon'>\n\t\t\t<span class='e-opened' ><i aria-hidden=\"true\" class=\"fas fa-minus\"><\/i><\/span>\n\t\t\t<span class='e-closed'><i aria-hidden=\"true\" class=\"fas fa-plus-circle\"><\/i><\/span>\n\t\t<\/span>\n\n\t\t\t\t\t\t<\/summary>\n\t\t\t\t<div role=\"region\" aria-labelledby=\"e-n-accordion-item-2422\" class=\"elementor-element elementor-element-3ab1f3c e-con-full e-flex e-con e-child\" data-id=\"3ab1f3c\" data-element_type=\"container\">\n\t\t\t\t<div class=\"elementor-element elementor-element-71ea73e elementor-widget elementor-widget-shortcode\" data-id=\"71ea73e\" data-element_type=\"widget\" data-widget_type=\"shortcode.default\">\n\t\t\t\t<div class=\"elementor-widget-container\">\n\t\t\t\t\t\t\t<div class=\"elementor-shortcode\">\n<table id=\"tablepress-15\" class=\"tablepress tablepress-id-15\">\n<thead>\n<tr class=\"row-1\">\n\t<th class=\"column-1\">Date de l'activit\u00e9<\/th><th class=\"column-2\">Description de l'activit\u00e9<\/th><th class=\"column-3\">Lieu de l'activit\u00e9<\/th>\n<\/tr>\n<\/thead>\n<tbody class=\"row-striping row-hover\">\n<tr class=\"row-2\">\n\t<td class=\"column-1\"><\/td><td class=\"column-2\"><\/td><td class=\"column-3\"><\/td>\n<\/tr>\n<tr class=\"row-3\">\n\t<td class=\"column-1\"><\/td><td class=\"column-2\"><\/td><td class=\"column-3\"><\/td>\n<\/tr>\n<\/tbody>\n<\/table>\n<!-- #tablepress-15 from cache --><\/div>\n\t\t\t\t\t\t<\/div>\n\t\t\t\t<\/div>\n\t\t\t\t<\/div>\n\t\t\t\t\t<\/details>\n\t\t\t\t\t\t<details id=\"e-n-accordion-item-2423\" class=\"e-n-accordion-item\" >\n\t\t\t\t<summary class=\"e-n-accordion-item-title\" data-accordion-index=\"4\" tabindex=\"-1\" aria-expanded=\"false\" aria-controls=\"e-n-accordion-item-2423\" >\n\t\t\t\t\t<span class='e-n-accordion-item-title-header'><h4 class=\"e-n-accordion-item-title-text\"> Opportunit\u00e9s R\u00e9gionales <\/h4><\/span>\n\t\t\t\t\t\t\t<span class='e-n-accordion-item-title-icon'>\n\t\t\t<span class='e-opened' ><i aria-hidden=\"true\" class=\"fas fa-minus\"><\/i><\/span>\n\t\t\t<span class='e-closed'><i aria-hidden=\"true\" class=\"fas fa-plus-circle\"><\/i><\/span>\n\t\t<\/span>\n\n\t\t\t\t\t\t<\/summary>\n\t\t\t\t<div role=\"region\" aria-labelledby=\"e-n-accordion-item-2423\" class=\"elementor-element elementor-element-dbe5379 e-flex e-con-boxed e-con e-child\" data-id=\"dbe5379\" data-element_type=\"container\">\n\t\t\t\t\t<div class=\"e-con-inner\">\n\t\t\t\t<div class=\"elementor-element elementor-element-6c2ffed elementor-widget elementor-widget-shortcode\" data-id=\"6c2ffed\" data-element_type=\"widget\" data-widget_type=\"shortcode.default\">\n\t\t\t\t<div class=\"elementor-widget-container\">\n\t\t\t\t\t\t\t<div class=\"elementor-shortcode\">\n<table id=\"tablepress-16\" class=\"tablepress tablepress-id-16\">\n<thead>\n<tr class=\"row-1\">\n\t<th class=\"column-1\">Secteurs<\/th><th class=\"column-2\">Opportunit\u00e9s<\/th>\n<\/tr>\n<\/thead>\n<tbody class=\"row-striping row-hover\">\n<tr class=\"row-2\">\n\t<td class=\"column-1\"><\/td><td class=\"column-2\"><\/td>\n<\/tr>\n<\/tbody>\n<\/table>\n<!-- #tablepress-16 from cache --><\/div>\n\t\t\t\t\t\t<\/div>\n\t\t\t\t<\/div>\n\t\t\t\t\t<\/div>\n\t\t\t\t<\/div>\n\t\t\t\t\t<\/details>\n\t\t\t\t\t\t<details id=\"e-n-accordion-item-2424\" class=\"e-n-accordion-item\" >\n\t\t\t\t<summary class=\"e-n-accordion-item-title\" data-accordion-index=\"5\" tabindex=\"-1\" aria-expanded=\"false\" aria-controls=\"e-n-accordion-item-2424\" >\n\t\t\t\t\t<span class='e-n-accordion-item-title-header'><h4 class=\"e-n-accordion-item-title-text\"> Partenaires Locaux <\/h4><\/span>\n\t\t\t\t\t\t\t<span class='e-n-accordion-item-title-icon'>\n\t\t\t<span class='e-opened' ><i aria-hidden=\"true\" class=\"fas fa-minus\"><\/i><\/span>\n\t\t\t<span class='e-closed'><i aria-hidden=\"true\" class=\"fas fa-plus-circle\"><\/i><\/span>\n\t\t<\/span>\n\n\t\t\t\t\t\t<\/summary>\n\t\t\t\t<div role=\"region\" aria-labelledby=\"e-n-accordion-item-2424\" class=\"elementor-element elementor-element-c536f21 e-flex e-con-boxed e-con e-child\" data-id=\"c536f21\" data-element_type=\"container\">\n\t\t\t\t\t<div class=\"e-con-inner\">\n\t\t\t\t<div class=\"elementor-element elementor-element-fceed49 elementor-widget elementor-widget-shortcode\" data-id=\"fceed49\" data-element_type=\"widget\" data-widget_type=\"shortcode.default\">\n\t\t\t\t<div class=\"elementor-widget-container\">\n\t\t\t\t\t\t\t<div class=\"elementor-shortcode\">\n<table id=\"tablepress-17\" class=\"tablepress tablepress-id-17\">\n<thead>\n<tr class=\"row-1\">\n\t<th class=\"column-1\">Secteurs<\/th><th class=\"column-2\">Partenaires<\/th>\n<\/tr>\n<\/thead>\n<tbody class=\"row-striping row-hover\">\n<tr class=\"row-2\">\n\t<td class=\"column-1\"><\/td><td class=\"column-2\"><\/td>\n<\/tr>\n<\/tbody>\n<\/table>\n<!-- #tablepress-17 from cache --><\/div>\n\t\t\t\t\t\t<\/div>\n\t\t\t\t<\/div>\n\t\t\t\t\t<\/div>\n\t\t\t\t<\/div>\n\t\t\t\t\t<\/details>\n\t\t\t\t\t<\/div>\n\t\t\t\t\t\t<\/div>\n\t\t\t\t<\/div>\n\t\t\t\t\t<\/div>\n\t\t\t\t<\/div>\n\t\t\t\t<\/div>\n\t\t","protected":false},"excerpt":{"rendered":"<p>Contacts du Personnel Modifier Bureau Pr\u00e9nom &amp; Nom Email T\u00e9l\u00e9phone Kaolack (Si\u00e9ge Antenne) Assane BA ( Chef Antenne) SIRE BA Macoumba BA Insa SARR Mamadou Lamine AIDARA Mame Nini NGOM [&hellip;]<\/p>\n","protected":false},"author":1,"featured_media":0,"parent":0,"menu_order":0,"comment_status":"closed","ping_status":"closed","template":"","meta":{"footnotes":""},"class_list":["post-14651","page","type-page","status-publish","hentry"],"rttpg_featured_image_url":null,"rttpg_author":{"display_name":"admin","author_link":"https:\/\/anpej.sn\/accueil\/author\/admin\/"},"rttpg_comment":0,"rttpg_category":null,"rttpg_excerpt":"Contacts du Personnel Modifier Bureau Pr\u00e9nom &amp; Nom Email T\u00e9l\u00e9phone Kaolack (Si\u00e9ge Antenne) Assane BA ( Chef Antenne) SIRE BA Macoumba BA Insa SARR Mamadou Lamine AIDARA Mame Nini NGOM [&hellip;]","_links":{"self":[{"href":"https:\/\/anpej.sn\/accueil\/wp-json\/wp\/v2\/pages\/14651","targetHints":{"allow":["GET"]}}],"collection":[{"href":"https:\/\/anpej.sn\/accueil\/wp-json\/wp\/v2\/pages"}],"about":[{"href":"https:\/\/anpej.sn\/accueil\/wp-json\/wp\/v2\/types\/page"}],"author":[{"embeddable":true,"href":"https:\/\/anpej.sn\/accueil\/wp-json\/wp\/v2\/users\/1"}],"replies":[{"embeddable":true,"href":"https:\/\/anpej.sn\/accueil\/wp-json\/wp\/v2\/comments?post=14651"}],"version-history":[{"count":43,"href":"https:\/\/anpej.sn\/accueil\/wp-json\/wp\/v2\/pages\/14651\/revisions"}],"predecessor-version":[{"id":16113,"href":"https:\/\/anpej.sn\/accueil\/wp-json\/wp\/v2\/pages\/14651\/revisions\/16113"}],"wp:attachment":[{"href":"https:\/\/anpej.sn\/accueil\/wp-json\/wp\/v2\/media?parent=14651"}],"curies":[{"name":"wp","href":"https:\/\/api.w.org\/{rel}","templated":true}]}}